{"id":88,"date":"2024-04-14T13:29:39","date_gmt":"2024-04-14T13:29:39","guid":{"rendered":"https:\/\/cassida.axessdata.se\/?page_id=88"},"modified":"2024-06-02T17:58:30","modified_gmt":"2024-06-02T17:58:30","slug":"contact-us","status":"publish","type":"page","link":"https:\/\/cassida.axessdata.se\/?page_id=88","title":{"rendered":"Kontakta Oss"},"content":{"rendered":"\t\t<div data-elementor-type=\"wp-page\" data-elementor-id=\"88\" class=\"elementor elementor-88\">\n\t\t\t\t<div class=\"elementor-element elementor-element-6ef67dd2 e-con-full e-flex e-con e-parent\" data-id=\"6ef67dd2\" data-element_type=\"container\">\n\t\t<div class=\"elementor-element elementor-element-57ea7294 e-flex e-con-boxed e-con e-child\" data-id=\"57ea7294\" data-element_type=\"container\">\n\t\t\t\t\t<div class=\"e-con-inner\">\n\t\t<div class=\"elementor-element elementor-element-51e24cb5 e-con-full e-flex e-con e-child\" data-id=\"51e24cb5\" data-element_type=\"container\">\n\t\t\t\t<div class=\"elementor-element elementor-element-15e252f4 elementor-widget elementor-widget-text-editor\" data-id=\"15e252f4\" data-element_type=\"widget\" data-widget_type=\"text-editor.default\">\n\t\t\t\t<div class=\"elementor-widget-container\">\n\t\t\t<style>\/*! elementor - v3.21.0 - 26-05-2024 *\/\n.elementor-widget-text-editor.elementor-drop-cap-view-stacked .elementor-drop-cap{background-color:#69727d;color:#fff}.elementor-widget-text-editor.elementor-drop-cap-view-framed .elementor-drop-cap{color:#69727d;border:3px solid;background-color:transparent}.elementor-widget-text-editor:not(.elementor-drop-cap-view-default) .elementor-drop-cap{margin-top:8px}.elementor-widget-text-editor:not(.elementor-drop-cap-view-default) .elementor-drop-cap-letter{width:1em;height:1em}.elementor-widget-text-editor .elementor-drop-cap{float:left;text-align:center;line-height:1;font-size:50px}.elementor-widget-text-editor .elementor-drop-cap-letter{display:inline-block}<\/style>\t\t\t\t<span style=\"color: #af8c3e;\">L\u00e5t oss prata<\/span>\n<h2>Skicka till oss, vi vill g\u00e4rna h\u00f6ra fr\u00e5n dig.<\/h2>\t\t\t\t\t\t<\/div>\n\t\t\t\t<\/div>\n\t\t\t\t<div class=\"elementor-element elementor-element-5fda5882 elementor-widget elementor-widget-shortcode\" data-id=\"5fda5882\" data-element_type=\"widget\" data-widget_type=\"shortcode.default\">\n\t\t\t\t<div class=\"elementor-widget-container\">\n\t\t\t\t\t<div class=\"elementor-shortcode\">\n<div class=\"wpcf7 no-js\" id=\"wpcf7-f7-o1\" lang=\"sv-SE\" dir=\"ltr\">\n<div class=\"screen-reader-response\"><p role=\"status\" aria-live=\"polite\" aria-atomic=\"true\"><\/p> <ul><\/ul><\/div>\n<form action=\"\/index.php?rest_route=%2Fwp%2Fv2%2Fpages%2F88#wpcf7-f7-o1\" method=\"post\" class=\"wpcf7-form init\" aria-label=\"Kontaktformul\u00e4r\" novalidate=\"novalidate\" data-status=\"init\">\n<div style=\"display: none;\">\n<input type=\"hidden\" name=\"_wpcf7\" value=\"7\" \/>\n<input type=\"hidden\" name=\"_wpcf7_version\" value=\"5.9.5\" \/>\n<input type=\"hidden\" name=\"_wpcf7_locale\" value=\"sv_SE\" \/>\n<input type=\"hidden\" name=\"_wpcf7_unit_tag\" value=\"wpcf7-f7-o1\" \/>\n<input type=\"hidden\" name=\"_wpcf7_container_post\" value=\"0\" \/>\n<input type=\"hidden\" name=\"_wpcf7_posted_data_hash\" value=\"\" \/>\n<\/div>\n<p><label> Ditt namn<br \/>\n<span class=\"wpcf7-form-control-wrap\" data-name=\"your-name\"><input size=\"40\" class=\"wpcf7-form-control wpcf7-text wpcf7-validates-as-required\" autocomplete=\"name\" aria-required=\"true\" aria-invalid=\"false\" value=\"\" type=\"text\" name=\"your-name\" \/><\/span> <\/label>\n<\/p>\n<p><label> Din e-postadress<br \/>\n<span class=\"wpcf7-form-control-wrap\" data-name=\"your-email\"><input size=\"40\" class=\"wpcf7-form-control wpcf7-email wpcf7-validates-as-required wpcf7-text wpcf7-validates-as-email\" autocomplete=\"email\" aria-required=\"true\" aria-invalid=\"false\" value=\"\" type=\"email\" name=\"your-email\" \/><\/span> <\/label>\n<\/p>\n<p><label> \u00c4mne<br \/>\n<span class=\"wpcf7-form-control-wrap\" data-name=\"your-subject\"><input size=\"40\" class=\"wpcf7-form-control wpcf7-text wpcf7-validates-as-required\" aria-required=\"true\" aria-invalid=\"false\" value=\"\" type=\"text\" name=\"your-subject\" \/><\/span> <\/label>\n<\/p>\n<p><label> Ditt meddelande (optional)<br \/>\n<span class=\"wpcf7-form-control-wrap\" data-name=\"your-message\"><textarea cols=\"40\" rows=\"10\" class=\"wpcf7-form-control wpcf7-textarea\" aria-invalid=\"false\" name=\"your-message\"><\/textarea><\/span> <\/label>\n<\/p>\n<p><input class=\"wpcf7-form-control wpcf7-submit has-spinner\" type=\"submit\" value=\"Skicka\" \/>\n<\/p><div class=\"wpcf7-response-output\" aria-hidden=\"true\"><\/div>\n<\/form>\n<\/div>\n<\/div>\n\t\t\t\t<\/div>\n\t\t\t\t<\/div>\n\t\t\t\t<\/div>\n\t\t<div class=\"elementor-element elementor-element-1fdf4f9f e-con-full e-flex e-con e-child\" data-id=\"1fdf4f9f\" data-element_type=\"container\">\n\t\t\t\t<div class=\"elementor-element elementor-element-7a64dcb3 elementor-widget elementor-widget-google_maps\" data-id=\"7a64dcb3\" data-element_type=\"widget\" data-widget_type=\"google_maps.default\">\n\t\t\t\t<div class=\"elementor-widget-container\">\n\t\t\t<style>\/*! elementor - v3.21.0 - 26-05-2024 *\/\n.elementor-widget-google_maps .elementor-widget-container{overflow:hidden}.elementor-widget-google_maps .elementor-custom-embed{line-height:0}.elementor-widget-google_maps iframe{height:300px}<\/style>\t\t<div class=\"elementor-custom-embed\">\n\t\t\t<iframe loading=\"lazy\"\n\t\t\t\t\tsrc=\"https:\/\/maps.google.com\/maps?q=London%2C%20United%20Kingdom&#038;t=m&#038;z=12&#038;output=embed&#038;iwloc=near\"\n\t\t\t\t\ttitle=\"London, United Kingdom\"\n\t\t\t\t\taria-label=\"London, United Kingdom\"\n\t\t\t><\/iframe>\n\t\t<\/div>\n\t\t\t\t<\/div>\n\t\t\t\t<\/div>\n\t\t\t\t<\/div>\n\t\t\t\t\t<\/div>\n\t\t\t\t<\/div>\n\t\t<div class=\"elementor-element elementor-element-4843955b e-flex e-con-boxed e-con e-child\" data-id=\"4843955b\" data-element_type=\"container\">\n\t\t\t\t\t<div class=\"e-con-inner\">\n\t\t<div class=\"elementor-element elementor-element-10a55ec6 e-con-full e-flex e-con e-child\" data-id=\"10a55ec6\" data-element_type=\"container\">\n\t\t\t\t<div class=\"elementor-element elementor-element-419e7edf elementor-widget elementor-widget-codesymbol-contact-box\" data-id=\"419e7edf\" data-element_type=\"widget\" data-widget_type=\"codesymbol-contact-box.default\">\n\t\t\t\t<div class=\"elementor-widget-container\">\n\t\t\t\r\n        <div class=\"contact-box\">\r\n\r\n                            <span class=\"label\">Kontakt Detaljer<\/span>\r\n                <ul><li>112 Madisson River, Office 227, <br \/>London, UK<\/li><li>\u00a0<\/li><li><a href=\"#\">info@cassida-hotels.com<\/a><\/li><li><a href=\"#\">+1 666 221 44 78<\/a><\/li><\/ul>            \r\n        <\/div>\r\n\r\n        \t\t<\/div>\n\t\t\t\t<\/div>\n\t\t\t\t<\/div>\n\t\t<div class=\"elementor-element elementor-element-41d2f592 e-con-full e-flex e-con e-child\" data-id=\"41d2f592\" data-element_type=\"container\">\n\t\t\t\t<div class=\"elementor-element elementor-element-6ca80140 elementor-widget elementor-widget-codesymbol-contact-box\" data-id=\"6ca80140\" data-element_type=\"widget\" data-widget_type=\"codesymbol-contact-box.default\">\n\t\t\t\t<div class=\"elementor-widget-container\">\n\t\t\t\r\n        <div class=\"contact-box\">\r\n\r\n                            <span class=\"label\">Reservations Center<\/span>\r\n                <ul><li>96 Avenue Street, Office 13, <br \/>London, UK<\/li><li>\u00a0<\/li><li><a href=\"#\">reservation@cassida.com<\/a><\/li><li><a href=\"#\">+1 455 661 44 78<\/a><\/li><\/ul>            \r\n        <\/div>\r\n\r\n        \t\t<\/div>\n\t\t\t\t<\/div>\n\t\t\t\t<\/div>\n\t\t<div class=\"elementor-element elementor-element-5cb0b86b e-con-full e-flex e-con e-child\" data-id=\"5cb0b86b\" data-element_type=\"container\">\n\t\t\t\t<div class=\"elementor-element elementor-element-71f67ef7 elementor-widget elementor-widget-codesymbol-contact-box\" data-id=\"71f67ef7\" data-element_type=\"widget\" data-widget_type=\"codesymbol-contact-box.default\">\n\t\t\t\t<div class=\"elementor-widget-container\">\n\t\t\t\r\n        <div class=\"contact-box\">\r\n\r\n                            <span class=\"label\">Info Center<\/span>\r\n                <ul><li>96 Avenue Street, Office 13, <br \/>London, UK<\/li><li>\u00a0<\/li><li><a href=\"#\">reservation@cassida.com<\/a><\/li><li><a href=\"#\">+1 455 661 44 78<\/a><\/li><\/ul>            \r\n        <\/div>\r\n\r\n        \t\t<\/div>\n\t\t\t\t<\/div>\n\t\t\t\t<\/div>\n\t\t<div class=\"elementor-element elementor-element-5fdd494a e-con-full e-flex e-con e-child\" data-id=\"5fdd494a\" data-element_type=\"container\">\n\t\t\t\t<div class=\"elementor-element elementor-element-5a2f6a68 elementor-widget elementor-widget-codesymbol-contact-box\" data-id=\"5a2f6a68\" data-element_type=\"widget\" data-widget_type=\"codesymbol-contact-box.default\">\n\t\t\t\t<div class=\"elementor-widget-container\">\n\t\t\t\r\n        <div class=\"contact-box\">\r\n\r\n                            <span class=\"label\">Huvudkontor<\/span>\r\n                <ul><li><p>Lorem ipsum dolor sit amet, consectetur adipiscing elit. Pellentesque venenatis massa mi, quis euismod justo.<\/p><\/li><li>\u00a0<\/li><li><p>Suscipit eu. Donec nec venetis turpis.<\/p><\/li><\/ul>            \r\n        <\/div>\r\n\r\n        \t\t<\/div>\n\t\t\t\t<\/div>\n\t\t\t\t<\/div>\n\t\t\t\t\t<\/div>\n\t\t\t\t<\/div>\n\t\t\t\t<\/div>\n\t\t<div class=\"elementor-element elementor-element-12ec2b68 e-con-full e-flex e-con e-parent\" data-id=\"12ec2b68\" data-element_type=\"container\">\n\t\t\t\t<div class=\"elementor-element elementor-element-6bda28ea elementor-widget elementor-widget-codesymbol-testimonials\" data-id=\"6bda28ea\" data-element_type=\"widget\" data-widget_type=\"codesymbol-testimonials.default\">\n\t\t\t\t<div class=\"elementor-widget-container\">\n\t\t\t\r\n        <section class=\"testimonials has-background\" style=\"background-image:url(https:\/\/cassida.axessdata.se\/wp-content\/uploads\/2024\/06\/testimonials-2.jpg);\">\r\n\r\n            <div class=\"row space clearfix\">\r\n                <div class=\"column full\">\r\n\r\n                    <div class=\"section-wrapper-boxed textcenter\">\r\n                    \r\n                        <div class=\"big-title\">\r\n\r\n                                                            <p class=\"subtitle style-border-left-right color-accent\">Kundn\u00f6jdhet ligger i v\u00e5ra k\u00e4rnv\u00e4rden som ett team<\/p>\r\n                                                                <h1 class=\"style-low-margin\">H\u00f6r Vad De S\u00e4ger Om Oss<\/h1>\r\n                                                            \r\n                        <\/div>\r\n\r\n                        <div class=\"divider70 hide-on-mobile\"><\/div>\r\n\r\n                    <\/div>\r\n\r\n                <\/div>\r\n            <\/div>\r\n\r\n            <div class=\"carousel-slider testimonials-slider\" data-allow-mousewheel=\"false\">\r\n                <div class=\"swiper-container\" id=\"testimonials-slider-395686\">\r\n                    \r\n                    <div class=\"swiper-wrapper\">\r\n\r\n                        \r\n                            <article class=\"swiper-slide\">\r\n                                <div class=\"inner\">\r\n\r\n                                    <div class=\"stars\">\r\n                                        <span class=\"icon-fa-star-o\"><\/span>\r\n                                        <span class=\"icon-fa-star-o\"><\/span>\r\n                                        <span class=\"icon-fa-star-o\"><\/span>\r\n                                        <span class=\"icon-fa-star-o\"><\/span>\r\n                                        <span class=\"icon-fa-star-o\"><\/span>\r\n                                    <\/div>\r\n\r\n                                    <div class=\"text\"><p><span style=\"color: #ffffff\">Frukostarna var fantastiska. Hotellets l\u00e4ge \u00e4r utm\u00e4rkt. Rummet var rymligt och v\u00e4lutrustat med alla n\u00f6dv\u00e4ndigheter och en fantastisk utsikt. Jag tvekar inte att rekommendera detta hotell till de turister som vill \u00e5ka till Cassida hotel. Ljus, luftig, mycket rymlig och mycket v\u00e4lkomnande atmosf\u00e4r.<\/span><\/p><\/div>\r\n\r\n                                    <div class=\"cite\">\r\n\r\n                                                                                    <span class=\"guest\">Lionel Marcus<\/span>\r\n                                            \r\n                                        <span class=\"line\"><\/span>\r\n\r\n                                                                                    <span class=\"source\">Tripadvisor<\/span>\r\n                                            \r\n                                    <\/div>\r\n\r\n                                <\/div>\r\n                            <\/article>\r\n\r\n                            \r\n                            <article class=\"swiper-slide\">\r\n                                <div class=\"inner\">\r\n\r\n                                    <div class=\"stars\">\r\n                                        <span class=\"icon-fa-star-o\"><\/span>\r\n                                        <span class=\"icon-fa-star-o\"><\/span>\r\n                                        <span class=\"icon-fa-star-o\"><\/span>\r\n                                        <span class=\"icon-fa-star-o\"><\/span>\r\n                                        <span class=\"icon-fa-star-o\"><\/span>\r\n                                    <\/div>\r\n\r\n                                    <div class=\"text\"><p><span style=\"color: #ffffff\">Frukostarna var fantastiska. Hotellets l\u00e4ge \u00e4r utm\u00e4rkt. Rummet var rymligt och v\u00e4lutrustat med alla n\u00f6dv\u00e4ndigheter och en fantastisk utsikt. Jag tvekar inte att rekommendera detta hotell till de turister som vill \u00e5ka till Cassida hotel. Ljus, luftig, mycket rymlig och mycket v\u00e4lkomnande atmosf\u00e4r.<\/span><\/p><\/div>\r\n\r\n                                    <div class=\"cite\">\r\n\r\n                                                                                    <span class=\"guest\">James Mathew<\/span>\r\n                                            \r\n                                        <span class=\"line\"><\/span>\r\n\r\n                                                                                    <span class=\"source\">Booking.com<\/span>\r\n                                            \r\n                                    <\/div>\r\n\r\n                                <\/div>\r\n                            <\/article>\r\n\r\n                            \r\n                            <article class=\"swiper-slide\">\r\n                                <div class=\"inner\">\r\n\r\n                                    <div class=\"stars\">\r\n                                        <span class=\"icon-fa-star-o\"><\/span>\r\n                                        <span class=\"icon-fa-star-o\"><\/span>\r\n                                        <span class=\"icon-fa-star-o\"><\/span>\r\n                                        <span class=\"icon-fa-star-o\"><\/span>\r\n                                        <span class=\"icon-fa-star-o\"><\/span>\r\n                                    <\/div>\r\n\r\n                                    <div class=\"text\"><p><span style=\"color: #ffffff\">Frukostarna var fantastiska. Hotellets l\u00e4ge \u00e4r utm\u00e4rkt. Rummet var rymligt och v\u00e4lutrustat med alla n\u00f6dv\u00e4ndigheter och en fantastisk utsikt. Jag tvekar inte att rekommendera detta hotell till de turister som vill \u00e5ka till Cassida hotel. Ljus, luftig, mycket rymlig och mycket v\u00e4lkomnande atmosf\u00e4r.<\/span><\/p><\/div>\r\n\r\n                                    <div class=\"cite\">\r\n\r\n                                                                                    <span class=\"guest\">John Adams<\/span>\r\n                                            \r\n                                        <span class=\"line\"><\/span>\r\n\r\n                                                                                    <span class=\"source\">Tripadvisor<\/span>\r\n                                            \r\n                                    <\/div>\r\n\r\n                                <\/div>\r\n                            <\/article>\r\n\r\n                                            \r\n                    <\/div>\r\n\r\n                    <p class=\"swiper-nav-prev\">Prev<\/p>\r\n                    <p class=\"swiper-nav-next\">Next<\/p>\r\n\r\n\r\n                <\/div>\r\n            <\/div>\r\n\r\n            <div class=\"divider80\"><\/div>\r\n\r\n            <div class=\"row no-space textcenter clearfix\">\r\n                <div class=\"column full\">\r\n\r\n                                            <a href=\"#\" class=\"button large outline white no-margin\">L\u00e4s alla 386 recensioner<\/a>\r\n                        \r\n                <\/div>\r\n            <\/div>\r\n\r\n        <\/section>\r\n\r\n        \t\t<\/div>\n\t\t\t\t<\/div>\n\t\t\t\t<\/div>\n\t\t\t\t<\/div>\n\t\t","protected":false},"excerpt":{"rendered":"<p>L\u00e5t oss prata Skicka till oss, vi vill g\u00e4rna h\u00f6ra fr\u00e5n dig. Kontakt Detaljer 112 Madisson River, Office 227, London, UK \u00a0 info@cassida-hotels.com +1 666 221 44 78 Reservations Center 96 Avenue Street, Office 13,<br \/><a class=\"read-more\" href=\"https:\/\/cassida.axessdata.se\/?page_id=88\">L\u00e4s mer<\/a><\/p>\n","protected":false},"author":1,"featured_media":0,"parent":0,"menu_order":0,"comment_status":"closed","ping_status":"closed","template":"","meta":{"footnotes":""},"class_list":["post-88","page","type-page","status-publish","hentry"],"_links":{"self":[{"href":"https:\/\/cassida.axessdata.se\/index.php?rest_route=\/wp\/v2\/pages\/88","targetHints":{"allow":["GET"]}}],"collection":[{"href":"https:\/\/cassida.axessdata.se\/index.php?rest_route=\/wp\/v2\/pages"}],"about":[{"href":"https:\/\/cassida.axessdata.se\/index.php?rest_route=\/wp\/v2\/types\/page"}],"author":[{"embeddable":true,"href":"https:\/\/cassida.axessdata.se\/index.php?rest_route=\/wp\/v2\/users\/1"}],"replies":[{"embeddable":true,"href":"https:\/\/cassida.axessdata.se\/index.php?rest_route=%2Fwp%2Fv2%2Fcomments&post=88"}],"version-history":[{"count":35,"href":"https:\/\/cassida.axessdata.se\/index.php?rest_route=\/wp\/v2\/pages\/88\/revisions"}],"predecessor-version":[{"id":587,"href":"https:\/\/cassida.axessdata.se\/index.php?rest_route=\/wp\/v2\/pages\/88\/revisions\/587"}],"wp:attachment":[{"href":"https:\/\/cassida.axessdata.se\/index.php?rest_route=%2Fwp%2Fv2%2Fmedia&parent=88"}],"curies":[{"name":"wp","href":"https:\/\/api.w.org\/{rel}","templated":true}]}}